{"id":18,"date":"2022-12-27T20:47:17","date_gmt":"2022-12-27T20:47:17","guid":{"rendered":"https:\/\/www.saritic.com\/?page_id=18"},"modified":"2024-05-04T15:11:14","modified_gmt":"2024-05-04T15:11:14","slug":"about","status":"publish","type":"page","link":"https:\/\/saritic.gifafrique.com\/index.php\/about\/","title":{"rendered":"SARITIC IBOOK"},"content":{"rendered":"<h1 style=\"font-size:20px;font-style:normal;font-weight:900;\" class=\"has-text-align-left has-link-color wp-elements-e9973da761c9ef7024f2b8180f7cc587 wp-block-post-title has-text-color has-boulder-color\">SARITIC IBOOK<\/h1>\n\n\n<p class=\"has-text-align-left has-foreground-color has-tertiary-background-color has-text-color has-background has-link-color has-normal-font-size wp-elements-547eab458cd0662e904ed536657d0445\">Nous comprenons les d\u00e9fis auxquels les prestataires de soins de sant\u00e9 sont confront\u00e9s lorsqu\u2019il s\u2019agit de g\u00e9rer les rendez-vous des patients, et notre solution est con\u00e7ue pour simplifier le processus, efficace et pratique pour les patients et les prestataires.<\/p>\n\n\n\n<p class=\"has-foreground-color has-tertiary-background-color has-text-color has-background has-link-color has-normal-font-size wp-elements-a6390144af7af8c27408758473ef0b89\">Gr\u00e2ce \u00e0 notre technologie, les entreprises de sant\u00e9 peuvent rationaliser leur processus de prise de rendez-vous, r\u00e9duire les temps d\u2019attente et am\u00e9liorer l\u2019exp\u00e9rience patients. Les patients peuvent facilement prendre des rendez-vous en ligne ou via une application mobile, et recevoir des mises \u00e0 jour en temps r\u00e9el et rappels de leurs rendez-vous.<\/p>\n\n\n\n<p class=\"has-foreground-color has-tertiary-background-color has-text-color has-background has-link-color has-normal-font-size wp-elements-7c95851ff9d531aab1094d2e17dc22b6\">Nous nous engageons \u00e0 aider les prestataires de soins de sant\u00e9 \u00e0 am\u00e9liorer leurs op\u00e9rations et fournir les meilleurs soins possibles \u00e0 leurs patients. Si vous \u00eates pr\u00eat \u00e0 faire passer votre processus de prise de rendez-vous au niveau sup\u00e9rieur contactez nous d\u00e8s aujourd\u2019hui pour en savoir plus sur notre technologie de prise de rendez-vous et de r\u00e9servation de pointe.<\/p>\n\n\n\n<p class=\"has-foreground-color has-tertiary-background-color has-text-color has-background has-link-color has-normal-font-size wp-elements-737abfd91fbb977da4217b67378d1df5\">Nous sommes impatients de vous aider \u00e0 atteindre vos objectifs et \u00e0 am\u00e9liorer la vie de vos patients.&nbsp;<\/p>\n","protected":false},"excerpt":{"rendered":"<p>Nous comprenons les d\u00e9fis auxquels les prestataires de soins de sant\u00e9 sont confront\u00e9s lorsqu\u2019il s\u2019agit [&hellip;]<\/p>\n","protected":false},"author":1,"featured_media":0,"parent":0,"menu_order":0,"comment_status":"closed","ping_status":"closed","template":"","meta":{"footnotes":""},"class_list":["post-18","page","type-page","status-publish","hentry"],"_links":{"self":[{"href":"https:\/\/saritic.gifafrique.com\/index.php\/wp-json\/wp\/v2\/pages\/18","targetHints":{"allow":["GET"]}}],"collection":[{"href":"https:\/\/saritic.gifafrique.com\/index.php\/wp-json\/wp\/v2\/pages"}],"about":[{"href":"https:\/\/saritic.gifafrique.com\/index.php\/wp-json\/wp\/v2\/types\/page"}],"author":[{"embeddable":true,"href":"https:\/\/saritic.gifafrique.com\/index.php\/wp-json\/wp\/v2\/users\/1"}],"replies":[{"embeddable":true,"href":"https:\/\/saritic.gifafrique.com\/index.php\/wp-json\/wp\/v2\/comments?post=18"}],"version-history":[{"count":23,"href":"https:\/\/saritic.gifafrique.com\/index.php\/wp-json\/wp\/v2\/pages\/18\/revisions"}],"predecessor-version":[{"id":8266,"href":"https:\/\/saritic.gifafrique.com\/index.php\/wp-json\/wp\/v2\/pages\/18\/revisions\/8266"}],"wp:attachment":[{"href":"https:\/\/saritic.gifafrique.com\/index.php\/wp-json\/wp\/v2\/media?parent=18"}],"curies":[{"name":"wp","href":"https:\/\/api.w.org\/{rel}","templated":true}]}}