{"id":2,"date":"2022-12-27T20:22:00","date_gmt":"2022-12-27T20:22:00","guid":{"rendered":"http:\/\/www.saritic.com\/?page_id=2"},"modified":"2024-02-11T22:19:09","modified_gmt":"2024-02-11T22:19:09","slug":"sample-page","status":"publish","type":"page","link":"https:\/\/saritic.gifafrique.com\/index.php\/sample-page\/","title":{"rendered":"QUI SOMMES NOUS ?"},"content":{"rendered":"\n<blockquote class=\"wp-block-quote is-layout-flow wp-block-quote-is-layout-flow\">\n<p class=\"has-normal-font-size\">Saritic\u00a0est\u00a0une entreprise de droit canadien sp\u00e9cialis\u00e9e dans le d\u00e9veloppement\u00a0 et l\u2019impl\u00e9mentation de solutions technologiques destin\u00e9es\u00a0aux \u00e9tablissements\u00a0de sant\u00e9.<\/p>\n\n\n\n<p class=\"has-normal-font-size\">\u00a0SARITIC est fi\u00e8re de vous pr\u00e9senter sa toute nouvelle plateforme de gestion de documents m\u00e9dicaux num\u00e9ris\u00e9s :\u00a0<em>\u00abiHealth\u00bb\u00a0<\/em>destin\u00e9e aux professionnels de sant\u00e9,\u00a0iHealth\u00a0permet la num\u00e9risation et la centralisation s\u00e9curis\u00e9e de l&#8217;ensemble des donn\u00e9es personnelles des patients. <\/p>\n\n\n\n<p class=\"has-normal-font-size\">Cette solution renforce l&#8217;efficacit\u00e9 de la gestion quotidienne des t\u00e2ches administratives au sein des structures de sant\u00e9. Elle apporte aussi une solution concr\u00e8te \u00e0 la gestion des donn\u00e9es m\u00e9dicales qui reste souvent fragment\u00e9e, avec des dossiers papier inefficaces, ce qui entrave la prise en charge coordonn\u00e9e des patients.<\/p>\n\n\n\n<p class=\"has-normal-font-size\"><\/p>\n<\/blockquote>\n","protected":false},"excerpt":{"rendered":"<p>Saritic\u00a0est\u00a0une entreprise de droit canadien sp\u00e9cialis\u00e9e dans le d\u00e9veloppement\u00a0 et l\u2019impl\u00e9mentation de solutions technologiques destin\u00e9es\u00a0aux [&hellip;]<\/p>\n","protected":false},"author":1,"featured_media":0,"parent":0,"menu_order":0,"comment_status":"closed","ping_status":"open","template":"","meta":{"footnotes":""},"class_list":["post-2","page","type-page","status-publish","hentry"],"_links":{"self":[{"href":"https:\/\/saritic.gifafrique.com\/index.php\/wp-json\/wp\/v2\/pages\/2","targetHints":{"allow":["GET"]}}],"collection":[{"href":"https:\/\/saritic.gifafrique.com\/index.php\/wp-json\/wp\/v2\/pages"}],"about":[{"href":"https:\/\/saritic.gifafrique.com\/index.php\/wp-json\/wp\/v2\/types\/page"}],"author":[{"embeddable":true,"href":"https:\/\/saritic.gifafrique.com\/index.php\/wp-json\/wp\/v2\/users\/1"}],"replies":[{"embeddable":true,"href":"https:\/\/saritic.gifafrique.com\/index.php\/wp-json\/wp\/v2\/comments?post=2"}],"version-history":[{"count":4,"href":"https:\/\/saritic.gifafrique.com\/index.php\/wp-json\/wp\/v2\/pages\/2\/revisions"}],"predecessor-version":[{"id":706,"href":"https:\/\/saritic.gifafrique.com\/index.php\/wp-json\/wp\/v2\/pages\/2\/revisions\/706"}],"wp:attachment":[{"href":"https:\/\/saritic.gifafrique.com\/index.php\/wp-json\/wp\/v2\/media?parent=2"}],"curies":[{"name":"wp","href":"https:\/\/api.w.org\/{rel}","templated":true}]}}