{"id":238,"date":"2023-04-15T02:55:50","date_gmt":"2023-04-15T02:55:50","guid":{"rendered":"https:\/\/www.saritic.com\/?page_id=238"},"modified":"2024-05-04T15:10:06","modified_gmt":"2024-05-04T15:10:06","slug":"saritic-gde","status":"publish","type":"page","link":"https:\/\/saritic.gifafrique.com\/index.php\/saritic-gde\/","title":{"rendered":"SARITIC GDE"},"content":{"rendered":"<h2 style=\"font-size:20px;font-style:normal;font-weight:900;letter-spacing:1px;\" class=\"has-text-align-left has-link-color wp-elements-e0e9477b6e423aac6b45f67f923800a8 wp-block-post-title has-text-color has-boulder-color\">SARITIC GDE<\/h2>\n\n\n<p class=\"has-foreground-color has-tertiary-background-color has-text-color has-background has-link-color has-normal-font-size wp-elements-0c36666e9ae3f49ac28584f2c64d5da7\">Notre solution de gestion de documents \u00e9lectroniques pour les \u00e9tablissements de sant\u00e9 offre une fa\u00e7on efficace et fiable de g\u00e9rer les informations m\u00e9dicales.<\/p>\n\n\n\n<p class=\"has-foreground-color has-tertiary-background-color has-text-color has-background has-link-color has-normal-font-size wp-elements-54e919d66a31ee6abc5adaabbe1c0097\">Avec notre solution, les professionnels de la sant\u00e9 peuvent acc\u00e9der aux dossiers m\u00e9dicaux de leurs patients en temps r\u00e9el, am\u00e9liorer la collaboration entre les \u00e9quipes m\u00e9dicales et garantir la confidentialit\u00e9 et la s\u00e9curit\u00e9 des donn\u00e9es sensibles.<\/p>\n\n\n\n<p class=\"has-foreground-color has-tertiary-background-color has-text-color has-background has-link-color has-normal-font-size wp-elements-2e2d89d8d231dbd026b6dc91bc29a1b9\">Rejoignez notre liste croissante d&#8217;\u00e9tablissements de sant\u00e9 qui ont adopt\u00e9 notre solution pour am\u00e9liorer leur fonctionnement et la qualit\u00e9 des soins qu&#8217;ils fournissent.<\/p>\n","protected":false},"excerpt":{"rendered":"<p>Notre solution de gestion de documents \u00e9lectroniques pour les \u00e9tablissements de sant\u00e9 offre une fa\u00e7on [&hellip;]<\/p>\n","protected":false},"author":1,"featured_media":0,"parent":0,"menu_order":0,"comment_status":"closed","ping_status":"closed","template":"","meta":{"footnotes":""},"class_list":["post-238","page","type-page","status-publish","hentry"],"_links":{"self":[{"href":"https:\/\/saritic.gifafrique.com\/index.php\/wp-json\/wp\/v2\/pages\/238","targetHints":{"allow":["GET"]}}],"collection":[{"href":"https:\/\/saritic.gifafrique.com\/index.php\/wp-json\/wp\/v2\/pages"}],"about":[{"href":"https:\/\/saritic.gifafrique.com\/index.php\/wp-json\/wp\/v2\/types\/page"}],"author":[{"embeddable":true,"href":"https:\/\/saritic.gifafrique.com\/index.php\/wp-json\/wp\/v2\/users\/1"}],"replies":[{"embeddable":true,"href":"https:\/\/saritic.gifafrique.com\/index.php\/wp-json\/wp\/v2\/comments?post=238"}],"version-history":[{"count":6,"href":"https:\/\/saritic.gifafrique.com\/index.php\/wp-json\/wp\/v2\/pages\/238\/revisions"}],"predecessor-version":[{"id":8263,"href":"https:\/\/saritic.gifafrique.com\/index.php\/wp-json\/wp\/v2\/pages\/238\/revisions\/8263"}],"wp:attachment":[{"href":"https:\/\/saritic.gifafrique.com\/index.php\/wp-json\/wp\/v2\/media?parent=238"}],"curies":[{"name":"wp","href":"https:\/\/api.w.org\/{rel}","templated":true}]}}